{"id":94,"date":"2024-02-01T18:57:42","date_gmt":"2024-02-01T17:57:42","guid":{"rendered":"https:\/\/fityourfood.be\/?page_id=94"},"modified":"2024-05-18T18:19:14","modified_gmt":"2024-05-18T16:19:14","slug":"nos-valeurs","status":"publish","type":"page","link":"https:\/\/fityourfood.be\/index.php\/nos-valeurs\/","title":{"rendered":""},"content":{"rendered":"\t\t<div data-elementor-type=\"wp-page\" data-elementor-id=\"94\" class=\"elementor elementor-94\">\n\t\t\t\t<div class=\"elementor-element elementor-element-689e4e6 e-flex e-con-boxed e-con e-parent\" data-id=\"689e4e6\" data-element_type=\"container\" data-e-type=\"container\">\n\t\t\t\t\t<div class=\"e-con-inner\">\n\t\t\t\t<div class=\"elementor-element elementor-element-8198cac elementor-widget elementor-widget-heading\" data-id=\"8198cac\" data-element_type=\"widget\" data-e-type=\"widget\" data-widget_type=\"heading.default\">\n\t\t\t\t<div class=\"elementor-widget-container\">\n\t\t\t\t\t<h2 class=\"elementor-heading-title elementor-size-default\">NOS VALEURS<\/h2>\t\t\t\t<\/div>\n\t\t\t\t<\/div>\n\t\t\t\t\t<\/div>\n\t\t\t\t<\/div>\n\t\t<div class=\"elementor-element elementor-element-bbddfdb e-flex e-con-boxed e-con e-parent\" data-id=\"bbddfdb\" data-element_type=\"container\" data-e-type=\"container\">\n\t\t\t\t\t<div class=\"e-con-inner\">\n\t\t\t\t<div class=\"elementor-element elementor-element-d536620 elementor-widget-divider--view-line elementor-widget elementor-widget-divider\" data-id=\"d536620\" data-element_type=\"widget\" data-e-type=\"widget\" data-widget_type=\"divider.default\">\n\t\t\t\t<div class=\"elementor-widget-container\">\n\t\t\t\t\t\t\t<div class=\"elementor-divider\">\n\t\t\t<span class=\"elementor-divider-separator\">\n\t\t\t\t\t\t<\/span>\n\t\t<\/div>\n\t\t\t\t\t\t<\/div>\n\t\t\t\t<\/div>\n\t\t\t\t\t<\/div>\n\t\t\t\t<\/div>\n\t\t<div class=\"elementor-element elementor-element-db8d9e8 e-flex e-con-boxed e-con e-parent\" data-id=\"db8d9e8\" data-element_type=\"container\" data-e-type=\"container\">\n\t\t\t\t\t<div class=\"e-con-inner\">\n\t\t<div class=\"elementor-element elementor-element-45da223 e-con-full e-flex e-con e-child\" data-id=\"45da223\" data-element_type=\"container\" data-e-type=\"container\">\n\t\t\t\t<div class=\"elementor-element elementor-element-c0d96da elementor-widget elementor-widget-heading\" data-id=\"c0d96da\" data-element_type=\"widget\" data-e-type=\"widget\" data-widget_type=\"heading.default\">\n\t\t\t\t<div class=\"elementor-widget-container\">\n\t\t\t\t\t<h2 class=\"elementor-heading-title elementor-size-default\">L'\u00e9levage raisonn\u00e9<\/h2>\t\t\t\t<\/div>\n\t\t\t\t<\/div>\n\t\t\t\t<\/div>\n\t\t<div class=\"elementor-element elementor-element-783ef9c e-con-full e-flex e-con e-child\" data-id=\"783ef9c\" data-element_type=\"container\" data-e-type=\"container\">\n\t\t\t\t<div class=\"elementor-element elementor-element-e5f4320 elementor-widget elementor-widget-heading\" data-id=\"e5f4320\" data-element_type=\"widget\" data-e-type=\"widget\" data-widget_type=\"heading.default\">\n\t\t\t\t<div class=\"elementor-widget-container\">\n\t\t\t\t\t<h2 class=\"elementor-heading-title elementor-size-default\">L'environnement<\/h2>\t\t\t\t<\/div>\n\t\t\t\t<\/div>\n\t\t\t\t<\/div>\n\t\t\t\t\t<\/div>\n\t\t\t\t<\/div>\n\t\t<div class=\"elementor-element elementor-element-2bff631 e-con-full e-flex e-con e-parent\" data-id=\"2bff631\" data-element_type=\"container\" data-e-type=\"container\">\n\t\t<div class=\"elementor-element elementor-element-0eb74d8 e-con-full e-flex e-con e-child\" data-id=\"0eb74d8\" data-element_type=\"container\" data-e-type=\"container\">\n\t\t\t\t<div class=\"elementor-element elementor-element-1484bab elementor-widget elementor-widget-text-editor\" data-id=\"1484bab\" data-element_type=\"widget\" data-e-type=\"widget\" data-widget_type=\"text-editor.default\">\n\t\t\t\t<div class=\"elementor-widget-container\">\n\t\t\t\t\t\t\t\t\t<p>Dans notre restaurant, nous sommes fiers de privil\u00e9gier une approche d\u2019\u00e9levage raisonn\u00e9 qui incarne nos valeurs d\u2019\u00e9thique et de durabilit\u00e9. Nous croyons fermement en la responsabilit\u00e9 que nous avons envers nos clients, nos partenaires agricoles et la plan\u00e8te, et cela se refl\u00e8te dans la mani\u00e8re dont nous choisissons nos sources d\u2019approvisionnement.<\/p>\t\t\t\t\t\t\t\t<\/div>\n\t\t\t\t<\/div>\n\t\t\t\t<\/div>\n\t\t<div class=\"elementor-element elementor-element-bcbf1f3 e-con-full e-flex e-con e-child\" data-id=\"bcbf1f3\" data-element_type=\"container\" data-e-type=\"container\">\n\t\t\t\t<div class=\"elementor-element elementor-element-3559ce6 elementor-widget elementor-widget-text-editor\" data-id=\"3559ce6\" data-element_type=\"widget\" data-e-type=\"widget\" data-widget_type=\"text-editor.default\">\n\t\t\t\t<div class=\"elementor-widget-container\">\n\t\t\t\t\t\t\t\t\t<p>Au sein de notre restaurant, nous sommes r\u00e9solument engag\u00e9s dans une d\u00e9marche respectueuse de la plan\u00e8te \u00e0 travers nos choix d\u2019approvisionnement et nos pratiques culinaires. Notre mission est de minimiser notre impact environnemental tout en vous offrant une exp\u00e9rience gastronomique de qualit\u00e9.<\/p>\t\t\t\t\t\t\t\t<\/div>\n\t\t\t\t<\/div>\n\t\t\t\t<\/div>\n\t\t\t\t<\/div>\n\t\t<div class=\"elementor-element elementor-element-d3f4396 e-flex e-con-boxed e-con e-parent\" data-id=\"d3f4396\" data-element_type=\"container\" data-e-type=\"container\">\n\t\t\t\t\t<div class=\"e-con-inner\">\n\t\t<div class=\"elementor-element elementor-element-dccaf1e e-con-full e-flex e-con e-child\" data-id=\"dccaf1e\" data-element_type=\"container\" data-e-type=\"container\">\n\t\t\t\t<div class=\"elementor-element elementor-element-1a19dd0 elementor-widget elementor-widget-image\" data-id=\"1a19dd0\" data-element_type=\"widget\" data-e-type=\"widget\" data-widget_type=\"image.default\">\n\t\t\t\t<div class=\"elementor-widget-container\">\n\t\t\t\t\t\t\t\t\t\t\t\t\t\t\t<img fetchpriority=\"high\" decoding=\"async\" width=\"1024\" height=\"538\" src=\"https:\/\/fityourfood.be\/wp-content\/uploads\/2024\/05\/1-1024x538.jpg\" class=\"attachment-large size-large wp-image-422\" alt=\"\" srcset=\"https:\/\/fityourfood.be\/wp-content\/uploads\/2024\/05\/1-1024x538.jpg 1024w, https:\/\/fityourfood.be\/wp-content\/uploads\/2024\/05\/1-300x158.jpg 300w, https:\/\/fityourfood.be\/wp-content\/uploads\/2024\/05\/1-768x403.jpg 768w, https:\/\/fityourfood.be\/wp-content\/uploads\/2024\/05\/1-600x315.jpg 600w, https:\/\/fityourfood.be\/wp-content\/uploads\/2024\/05\/1.jpg 1200w\" sizes=\"(max-width: 1024px) 100vw, 1024px\" \/>\t\t\t\t\t\t\t\t\t\t\t\t\t\t\t<\/div>\n\t\t\t\t<\/div>\n\t\t\t\t<\/div>\n\t\t<div class=\"elementor-element elementor-element-e2c201d e-con-full e-flex e-con e-child\" data-id=\"e2c201d\" data-element_type=\"container\" data-e-type=\"container\">\n\t\t\t\t<div class=\"elementor-element elementor-element-b9979ab elementor-widget elementor-widget-image\" data-id=\"b9979ab\" data-element_type=\"widget\" data-e-type=\"widget\" data-widget_type=\"image.default\">\n\t\t\t\t<div class=\"elementor-widget-container\">\n\t\t\t\t\t\t\t\t\t\t\t\t\t\t\t<img decoding=\"async\" width=\"1024\" height=\"538\" src=\"https:\/\/fityourfood.be\/wp-content\/uploads\/2024\/05\/2-1024x538.jpg\" class=\"attachment-large size-large wp-image-423\" alt=\"\" srcset=\"https:\/\/fityourfood.be\/wp-content\/uploads\/2024\/05\/2-1024x538.jpg 1024w, https:\/\/fityourfood.be\/wp-content\/uploads\/2024\/05\/2-300x158.jpg 300w, https:\/\/fityourfood.be\/wp-content\/uploads\/2024\/05\/2-768x403.jpg 768w, https:\/\/fityourfood.be\/wp-content\/uploads\/2024\/05\/2-600x315.jpg 600w, https:\/\/fityourfood.be\/wp-content\/uploads\/2024\/05\/2.jpg 1200w\" sizes=\"(max-width: 1024px) 100vw, 1024px\" \/>\t\t\t\t\t\t\t\t\t\t\t\t\t\t\t<\/div>\n\t\t\t\t<\/div>\n\t\t\t\t<\/div>\n\t\t\t\t\t<\/div>\n\t\t\t\t<\/div>\n\t\t<div class=\"elementor-element elementor-element-7e761fe e-flex e-con-boxed e-con e-parent\" data-id=\"7e761fe\" data-element_type=\"container\" data-e-type=\"container\">\n\t\t\t\t\t<div class=\"e-con-inner\">\n\t\t<div class=\"elementor-element elementor-element-456bdb0 e-con-full e-flex e-con e-child\" data-id=\"456bdb0\" data-element_type=\"container\" data-e-type=\"container\">\n\t\t\t\t<div class=\"elementor-element elementor-element-2a28033 elementor-widget elementor-widget-text-editor\" data-id=\"2a28033\" data-element_type=\"widget\" data-e-type=\"widget\" data-widget_type=\"text-editor.default\">\n\t\t\t\t<div class=\"elementor-widget-container\">\n\t\t\t\t\t\t\t\t\t<p>Au c\u0153ur de notre engagement pour l\u2019\u00e9levage raisonn\u00e9 se trouve une profonde consid\u00e9ration pour le bien-\u00eatre animal. Nous nous associons \u00e0 des \u00e9leveurs qui partagent notre vision, assurant que les animaux soient trait\u00e9s avec le respect qu\u2019ils m\u00e9ritent. Des conditions de vie ad\u00e9quates, une alimentation \u00e9quilibr\u00e9e et des pratiques d\u2019\u00e9levage qui respectent le comportement naturel des animaux sont au centre de nos priorit\u00e9s.<\/p>\t\t\t\t\t\t\t\t<\/div>\n\t\t\t\t<\/div>\n\t\t\t\t<\/div>\n\t\t<div class=\"elementor-element elementor-element-653e60b e-con-full e-flex e-con e-child\" data-id=\"653e60b\" data-element_type=\"container\" data-e-type=\"container\">\n\t\t\t\t<div class=\"elementor-element elementor-element-3be94ba elementor-widget elementor-widget-text-editor\" data-id=\"3be94ba\" data-element_type=\"widget\" data-e-type=\"widget\" data-widget_type=\"text-editor.default\">\n\t\t\t\t<div class=\"elementor-widget-container\">\n\t\t\t\t\t\t\t\t\t<p><span style=\"color: #121209; font-family: Oswald, sans-serif; font-size: 20px;\">Nous privil\u00e9gions des partenaires agricoles qui adh\u00e8rent \u00e0 des normes strictes de durabilit\u00e9, mettant en \u0153uvre des pratiques respectueuses de la biodiversit\u00e9, r\u00e9duisant l\u2019empreinte carbone et limitant l\u2019utilisation d\u2019intrants chimiques. En soutenant ces m\u00e9thodes agricoles respectueuses de l\u2019environnement, nous contribuons activement \u00e0 la pr\u00e9servation de notre \u00e9cosyst\u00e8me. Nous faisons \u00e9galement le choix de produits locaux et de saison afin de promouvoir une agriculture responsable et de r\u00e9duire notre impact \u00e9cologique. Cette approche permet non seulement de soutenir les agriculteurs locaux, mais aussi de minimiser les \u00e9missions li\u00e9es au transport de marchandises sur de longues distances.<\/span><\/p>\t\t\t\t\t\t\t\t<\/div>\n\t\t\t\t<\/div>\n\t\t\t\t<\/div>\n\t\t\t\t\t<\/div>\n\t\t\t\t<\/div>\n\t\t\t\t<\/div>\n\t\t","protected":false},"excerpt":{"rendered":"<p>NOS VALEURS L&rsquo;\u00e9levage raisonn\u00e9 L&rsquo;environnement Dans notre restaurant, nous sommes fiers de privil\u00e9gier une approche d\u2019\u00e9levage raisonn\u00e9 qui incarne nos valeurs d\u2019\u00e9thique et de durabilit\u00e9. Nous croyons fermement en la responsabilit\u00e9 que nous avons envers nos clients, nos partenaires agricoles et la plan\u00e8te, et cela se refl\u00e8te dans la mani\u00e8re dont nous choisissons nos sources [&hellip;]<\/p>\n","protected":false},"author":1,"featured_media":0,"parent":0,"menu_order":0,"comment_status":"closed","ping_status":"closed","template":"","meta":{"footnotes":""},"class_list":["post-94","page","type-page","status-publish","hentry"],"_links":{"self":[{"href":"https:\/\/fityourfood.be\/index.php\/wp-json\/wp\/v2\/pages\/94","targetHints":{"allow":["GET"]}}],"collection":[{"href":"https:\/\/fityourfood.be\/index.php\/wp-json\/wp\/v2\/pages"}],"about":[{"href":"https:\/\/fityourfood.be\/index.php\/wp-json\/wp\/v2\/types\/page"}],"author":[{"embeddable":true,"href":"https:\/\/fityourfood.be\/index.php\/wp-json\/wp\/v2\/users\/1"}],"replies":[{"embeddable":true,"href":"https:\/\/fityourfood.be\/index.php\/wp-json\/wp\/v2\/comments?post=94"}],"version-history":[{"count":0,"href":"https:\/\/fityourfood.be\/index.php\/wp-json\/wp\/v2\/pages\/94\/revisions"}],"wp:attachment":[{"href":"https:\/\/fityourfood.be\/index.php\/wp-json\/wp\/v2\/media?parent=94"}],"curies":[{"name":"wp","href":"https:\/\/api.w.org\/{rel}","templated":true}]}}