{"id":86,"date":"2024-02-01T18:46:47","date_gmt":"2024-02-01T17:46:47","guid":{"rendered":"https:\/\/fityourfood.be\/?page_id=86"},"modified":"2024-02-01T18:53:32","modified_gmt":"2024-02-01T17:53:32","slug":"concept","status":"publish","type":"page","link":"https:\/\/fityourfood.be\/index.php\/concept\/","title":{"rendered":"Concept"},"content":{"rendered":"\n<div class=\"wp-block-group alignfull has-accent-2-background-color has-background has-global-padding is-layout-constrained wp-container-core-group-is-layout-669513ed wp-block-group-is-layout-constrained\" style=\"margin-top:0;margin-bottom:0;padding-top:var(--wp--preset--spacing--50);padding-right:var(--wp--preset--spacing--50);padding-bottom:var(--wp--preset--spacing--50);padding-left:var(--wp--preset--spacing--50)\">\n<div class=\"wp-block-columns alignwide is-layout-flex wp-container-core-columns-is-layout-28f84493 wp-block-columns-is-layout-flex\">\n<div class=\"wp-block-column is-layout-flow wp-block-column-is-layout-flow\" style=\"flex-basis:60%\">\n<p class=\"has-heading-font-family has-x-large-font-size\" style=\"line-height:1.2\">FYF, c&rsquo;est un peu comme la version am\u00e9lior\u00e9e d&rsquo;un fast-food..&nbsp; L&rsquo;id\u00e9e, c&rsquo;est de garder la rapidit\u00e9 des fast-foods classiques, tout en y ajoutant une touche de sant\u00e9, mod\u00e9r\u00e9 en sucre, sel, graisses. Nous visons \u00e0 cr\u00e9er des plats sains, prot\u00e9ines, raisonn\u00e9s et accessibles.<\/p>\n<\/div>\n<\/div>\n<\/div>\n\n\n\n<div class=\"wp-block-group alignfull has-base-background-color has-background has-global-padding is-layout-constrained wp-container-core-group-is-layout-d89aad35 wp-block-group-is-layout-constrained\" style=\"margin-top:0;margin-bottom:0;padding-top:var(--wp--preset--spacing--50);padding-right:var(--wp--preset--spacing--50);padding-bottom:var(--wp--preset--spacing--50);padding-left:var(--wp--preset--spacing--50)\">\n<div class=\"wp-block-columns alignwide is-layout-flex wp-container-core-columns-is-layout-549b0c86 wp-block-columns-is-layout-flex\">\n<div class=\"wp-block-column is-layout-flow wp-container-core-column-is-layout-119bc444 wp-block-column-is-layout-flow\" style=\"flex-basis:60%\">\n<p>Comment \u00e7a se passe?<\/p>\n\n\n\n<ul class=\"wp-block-list\">\n<li>Composez votre menu<\/li>\n\n\n\n<li>Choisissez 1 f\u00e9culent<\/li>\n\n\n\n<li>(Cliquer sur le mot f\u00e9culent, apparition des 4 f\u00e9culents en image. Avec valeur nutritionnelles.)<\/li>\n\n\n\n<li>1 prot\u00e9ine<\/li>\n\n\n\n<li>( photos avec les 4 prot\u00e9ines.)<\/li>\n\n\n\n<li>3 toppings<\/li>\n\n\n\n<li>(Photos de chaque)<\/li>\n\n\n\n<li>200g de l\u00e9gumes de saisons<\/li>\n\n\n\n<li>Une sauce classique vinaigrette<\/li>\n\n\n\n<li>Topping extra +0.50 cent par toppings<\/li>\n\n\n\n<li>Extra sauce 1.50<\/li>\n<\/ul>\n<\/div>\n<\/div>\n<\/div>\n","protected":false},"excerpt":{"rendered":"<p>FYF, c&rsquo;est un peu comme la version am\u00e9lior\u00e9e d&rsquo;un fast-food..&nbsp; L&rsquo;id\u00e9e, c&rsquo;est de garder la rapidit\u00e9 des fast-foods classiques, tout en y ajoutant une touche de sant\u00e9, mod\u00e9r\u00e9 en sucre, sel, graisses. Nous visons \u00e0 cr\u00e9er des plats sains, prot\u00e9ines, raisonn\u00e9s et accessibles. Comment \u00e7a se passe?<\/p>\n","protected":false},"author":1,"featured_media":0,"parent":0,"menu_order":0,"comment_status":"closed","ping_status":"closed","template":"","meta":{"footnotes":""},"class_list":["post-86","page","type-page","status-publish","hentry"],"_links":{"self":[{"href":"https:\/\/fityourfood.be\/index.php\/wp-json\/wp\/v2\/pages\/86","targetHints":{"allow":["GET"]}}],"collection":[{"href":"https:\/\/fityourfood.be\/index.php\/wp-json\/wp\/v2\/pages"}],"about":[{"href":"https:\/\/fityourfood.be\/index.php\/wp-json\/wp\/v2\/types\/page"}],"author":[{"embeddable":true,"href":"https:\/\/fityourfood.be\/index.php\/wp-json\/wp\/v2\/users\/1"}],"replies":[{"embeddable":true,"href":"https:\/\/fityourfood.be\/index.php\/wp-json\/wp\/v2\/comments?post=86"}],"version-history":[{"count":0,"href":"https:\/\/fityourfood.be\/index.php\/wp-json\/wp\/v2\/pages\/86\/revisions"}],"wp:attachment":[{"href":"https:\/\/fityourfood.be\/index.php\/wp-json\/wp\/v2\/media?parent=86"}],"curies":[{"name":"wp","href":"https:\/\/api.w.org\/{rel}","templated":true}]}}